{"id":731,"date":"2025-11-21T11:13:10","date_gmt":"2025-11-21T11:13:10","guid":{"rendered":"https:\/\/aiyannaproddev.wpenginepowered.com\/?page_id=731"},"modified":"2026-03-10T12:14:42","modified_gmt":"2026-03-10T12:14:42","slug":"gastro","status":"publish","type":"page","link":"https:\/\/www.aiyannaibiza.com\/es\/gastro\/","title":{"rendered":"Gastro"},"content":{"rendered":"","protected":false},"excerpt":{"rendered":"","protected":false},"author":1,"featured_media":0,"parent":0,"menu_order":0,"comment_status":"closed","ping_status":"closed","template":"","meta":{"_acf_changed":false,"footnotes":""},"class_list":["post-731","page","type-page","status-publish","hentry"],"acf":[],"yoast_head":"<!-- This site is optimized with the Yoast SEO plugin v27.3 - https:\/\/yoast.com\/product\/yoast-seo-wordpress\/ -->\n<title>Men\u00fa de Aiyanna: Cocina mediterr\u00e1nea y c\u00f3cteles - Aiyanna<\/title>\n<meta name=\"description\" content=\"Explora el men\u00fa de Aiyanna Ibiza: platos org\u00e1nicos, locales y opciones vegetarianas o veganas. Cocteler\u00eda de autor y esencia mediterr\u00e1nea.\" \/>\n<meta name=\"robots\" content=\"index, follow, max-snippet:-1, max-image-preview:large, max-video-preview:-1\" \/>\n<link rel=\"canonical\" href=\"https:\/\/www.aiyannaibiza.com\/es\/gastro\/\" \/>\n<meta property=\"og:locale\" content=\"es_ES\" \/>\n<meta property=\"og:type\" content=\"article\" \/>\n<meta property=\"og:title\" content=\"Men\u00fa de Aiyanna: Cocina mediterr\u00e1nea y c\u00f3cteles - Aiyanna\" \/>\n<meta property=\"og:description\" content=\"Explora el men\u00fa de Aiyanna Ibiza: platos org\u00e1nicos, locales y opciones vegetarianas o veganas. Cocteler\u00eda de autor y esencia mediterr\u00e1nea.\" \/>\n<meta property=\"og:url\" content=\"https:\/\/www.aiyannaibiza.com\/es\/gastro\/\" \/>\n<meta property=\"og:site_name\" content=\"Aiyanna\" \/>\n<meta property=\"article:publisher\" content=\"https:\/\/www.facebook.com\/ibizaaiyanna\/\" \/>\n<meta property=\"article:modified_time\" content=\"2026-03-10T12:14:42+00:00\" \/>\n<meta name=\"twitter:card\" content=\"summary_large_image\" \/>\n<!-- \/ Yoast SEO plugin. -->","yoast_head_json":{"title":"Men\u00fa de Aiyanna: Cocina mediterr\u00e1nea y c\u00f3cteles - Aiyanna","description":"Explora el men\u00fa de Aiyanna Ibiza: platos org\u00e1nicos, locales y opciones vegetarianas o veganas. Cocteler\u00eda de autor y esencia mediterr\u00e1nea.","robots":{"index":"index","follow":"follow","max-snippet":"max-snippet:-1","max-image-preview":"max-image-preview:large","max-video-preview":"max-video-preview:-1"},"canonical":"https:\/\/www.aiyannaibiza.com\/es\/gastro\/","og_locale":"es_ES","og_type":"article","og_title":"Men\u00fa de Aiyanna: Cocina mediterr\u00e1nea y c\u00f3cteles - Aiyanna","og_description":"Explora el men\u00fa de Aiyanna Ibiza: platos org\u00e1nicos, locales y opciones vegetarianas o veganas. Cocteler\u00eda de autor y esencia mediterr\u00e1nea.","og_url":"https:\/\/www.aiyannaibiza.com\/es\/gastro\/","og_site_name":"Aiyanna","article_publisher":"https:\/\/www.facebook.com\/ibizaaiyanna\/","article_modified_time":"2026-03-10T12:14:42+00:00","twitter_card":"summary_large_image","schema":{"@context":"https:\/\/schema.org","@graph":[{"@type":"WebPage","@id":"https:\/\/www.aiyannaibiza.com\/es\/gastro\/","url":"https:\/\/www.aiyannaibiza.com\/es\/gastro\/","name":"Men\u00fa de Aiyanna: Cocina mediterr\u00e1nea y c\u00f3cteles - Aiyanna","isPartOf":{"@id":"https:\/\/www.aiyannaibiza.com\/es\/#website"},"datePublished":"2025-11-21T11:13:10+00:00","dateModified":"2026-03-10T12:14:42+00:00","description":"Explora el men\u00fa de Aiyanna Ibiza: platos org\u00e1nicos, locales y opciones vegetarianas o veganas. Cocteler\u00eda de autor y esencia mediterr\u00e1nea.","inLanguage":"es","potentialAction":[{"@type":"ReadAction","target":["https:\/\/www.aiyannaibiza.com\/es\/gastro\/"]}]},{"@type":"WebSite","@id":"https:\/\/www.aiyannaibiza.com\/es\/#website","url":"https:\/\/www.aiyannaibiza.com\/es\/","name":"Aiyanna Ibiza","description":"","publisher":{"@id":"https:\/\/www.aiyannaibiza.com\/es\/#organization"},"potentialAction":[{"@type":"SearchAction","target":{"@type":"EntryPoint","urlTemplate":"https:\/\/www.aiyannaibiza.com\/es\/?s={search_term_string}"},"query-input":{"@type":"PropertyValueSpecification","valueRequired":true,"valueName":"search_term_string"}}],"inLanguage":"es"},{"@type":"Organization","@id":"https:\/\/www.aiyannaibiza.com\/es\/#organization","name":"Aiyanna Ibiza","alternateName":"Aiyanna","url":"https:\/\/www.aiyannaibiza.com\/es\/","logo":{"@type":"ImageObject","inLanguage":"es","@id":"https:\/\/www.aiyannaibiza.com\/es\/#\/schema\/logo\/image\/","url":"https:\/\/www.aiyannaibiza.com\/wp-content\/uploads\/2025\/11\/logoaiyanna2.svg","contentUrl":"https:\/\/www.aiyannaibiza.com\/wp-content\/uploads\/2025\/11\/logoaiyanna2.svg","width":180,"height":50,"caption":"Aiyanna Ibiza"},"image":{"@id":"https:\/\/www.aiyannaibiza.com\/es\/#\/schema\/logo\/image\/"},"sameAs":["https:\/\/www.facebook.com\/ibizaaiyanna\/","https:\/\/www.instagram.com\/ibizaaiyanna\/"]}]}},"_links":{"self":[{"href":"https:\/\/www.aiyannaibiza.com\/es\/wp-json\/wp\/v2\/pages\/731","targetHints":{"allow":["GET"]}}],"collection":[{"href":"https:\/\/www.aiyannaibiza.com\/es\/wp-json\/wp\/v2\/pages"}],"about":[{"href":"https:\/\/www.aiyannaibiza.com\/es\/wp-json\/wp\/v2\/types\/page"}],"author":[{"embeddable":true,"href":"https:\/\/www.aiyannaibiza.com\/es\/wp-json\/wp\/v2\/users\/1"}],"replies":[{"embeddable":true,"href":"https:\/\/www.aiyannaibiza.com\/es\/wp-json\/wp\/v2\/comments?post=731"}],"version-history":[{"count":0,"href":"https:\/\/www.aiyannaibiza.com\/es\/wp-json\/wp\/v2\/pages\/731\/revisions"}],"wp:attachment":[{"href":"https:\/\/www.aiyannaibiza.com\/es\/wp-json\/wp\/v2\/media?parent=731"}],"curies":[{"name":"wp","href":"https:\/\/api.w.org\/{rel}","templated":true}]}}